{"id":1363,"date":"2022-12-01T22:04:48","date_gmt":"2022-12-01T21:04:48","guid":{"rendered":"https:\/\/sueyingkoang.com\/?page_id=1363"},"modified":"2024-11-04T15:16:20","modified_gmt":"2024-11-04T14:16:20","slug":"media","status":"publish","type":"page","link":"https:\/\/sueyingkoang.com\/en\/media\/","title":{"rendered":"Media"},"content":{"rendered":"\n<div class=\"wp-block-cover alignwide is-light animation.opacity\" style=\"min-height:100vh;aspect-ratio:unset;\" id=\"audios\"><span aria-hidden=\"true\" class=\"wp-block-cover__background has-background-dim-0 has-background-dim\"><\/span><div class=\"wp-block-cover__inner-container is-layout-flow wp-block-cover-is-layout-flow\">\n<div class=\"wp-block-group alignfull has-global-padding is-layout-constrained wp-container-core-group-is-layout-8dc9ca6d wp-block-group-is-layout-constrained\" style=\"padding-top:80px\">\n<div class=\"wp-block-columns alignwide is-layout-flex wp-container-core-columns-is-layout-28f84493 wp-block-columns-is-layout-flex\">\n<div class=\"wp-block-column is-layout-flow wp-block-column-is-layout-flow\">\n<h2 class=\"wp-block-heading has-text-align-center has-primary-color has-text-color has-medium-font-size\" style=\"font-style:normal;font-weight:400\">galerie<\/h2>\n\n\n\n<h2 class=\"wp-block-heading has-text-align-center has-foreground-color has-text-color has-x-large-font-size\" style=\"font-style:normal;font-weight:600\">Galerie audio<\/h2>\n<\/div>\n<\/div>\n\n\n\n<figure class=\"wp-block-audio\"><audio controls src=\"https:\/\/sueyingkoang.com\/wp-content\/uploads\/2024\/09\/06-Sonata-For-Violin-And-Continuo-In-D-Major-I.-Adagio-From-The-Manuscript-Mus.1-R-70.mp3\"><\/audio><\/figure>\n\n\n\n<p class=\"has-foreground-color has-text-color has-link-color wp-elements-7ec65ab2c8117168a529c786b4d342a4\">Anonyme : Sonate en r\u00e9 majeur du <a href=\"https:\/\/alta-musica.com\/#editions\" target=\"_blank\" rel=\"noreferrer noopener\">manuscrit Mus. 1-R-70<\/a> de la biblioth\u00e8que de Dresde &#8211; 1. Adagio<\/p>\n\n\n\n<figure class=\"wp-block-audio\"><audio controls src=\"https:\/\/sueyingkoang.com\/wp-content\/uploads\/2024\/09\/05-Messe-des-pecheurs-de-Villerville-O-salutaris.wav\"><\/audio><\/figure>\n\n\n\n<p class=\"has-foreground-color has-text-color has-link-color wp-elements-521932cf22328f280dfb3e144e0b7055\">A. Messager : Messe des p\u00eacheurs de Villerville (1\u00e8re version 1881) &#8211; 3. O Salutaris<\/p>\n<\/div>\n<\/div><\/div>\n\n\n\n<div class=\"wp-block-cover alignfull\" style=\"min-height:100vh;aspect-ratio:unset;\" id=\"videos\"><span aria-hidden=\"true\" class=\"wp-block-cover__background has-primary-background-color has-background-dim-100 has-background-dim\"><\/span><div class=\"wp-block-cover__inner-container is-layout-flow wp-block-cover-is-layout-flow\">\n<div class=\"wp-block-group alignfull animation-opacity has-global-padding is-layout-constrained wp-container-core-group-is-layout-8dc9ca6d wp-block-group-is-layout-constrained\" style=\"padding-top:80px\">\n<div class=\"wp-block-columns alignwide is-layout-flex wp-container-core-columns-is-layout-28f84493 wp-block-columns-is-layout-flex\">\n<div class=\"wp-block-column has-accent-color has-text-color is-layout-flow wp-block-column-is-layout-flow\">\n<h2 class=\"wp-block-heading has-text-align-center has-accent-color has-text-color has-medium-font-size\" style=\"font-style:normal;font-weight:400\">Videos<\/h2>\n<\/div>\n<\/div>\n\n\n\n<div class=\"wp-block-group alignfull animation-opacity has-global-padding is-layout-constrained wp-container-core-group-is-layout-8dc9ca6d wp-block-group-is-layout-constrained\" style=\"padding-top:80px\">\n<div class=\"wp-block-columns alignwide is-layout-flex wp-container-core-columns-is-layout-28f84493 wp-block-columns-is-layout-flex\">\n<div class=\"wp-block-column is-layout-flow wp-block-column-is-layout-flow\">\n<h2 class=\"wp-block-heading has-text-align-center has-foreground-color has-text-color has-x-large-font-size\" style=\"font-style:normal;font-weight:600\">Video Gallery<\/h2>\n<\/div>\n<\/div>\n\n\n\n<div style=\"height:25px\" aria-hidden=\"true\" class=\"wp-block-spacer\"><\/div>\n<\/div>\n\n\n\n<div class=\"wp-block-group alignwide animation-bottom has-global-padding is-layout-constrained wp-block-group-is-layout-constrained\">\n<div class=\"wp-block-columns alignwide are-vertically-aligned-center is-layout-flex wp-container-core-columns-is-layout-28f84493 wp-block-columns-is-layout-flex\">\n<div class=\"wp-block-column is-vertically-aligned-center is-layout-flow wp-block-column-is-layout-flow\">\n<h3 class=\"wp-block-heading has-background-color has-text-color\">A. Corelli &#8211; La Chapelle Saint-Marc<\/h3>\n\n\n\n<p>From a concert on Feb 25th 2023 at Philharmonie Luxembourg. La Chapelle Saint-Marc, harpsichord and direction: Vincent Bernhardt<\/p>\n<\/div>\n\n\n\n<div class=\"wp-block-column is-vertically-aligned-center is-layout-flow wp-block-column-is-layout-flow\">\n<figure class=\"wp-block-embed is-type-video is-provider-youtube wp-block-embed-youtube wp-embed-aspect-16-9 wp-has-aspect-ratio\"><div class=\"wp-block-embed__wrapper\">\n<iframe loading=\"lazy\" title=\"A. CORELLI: Concerto in D major op. 6 n\u00b0 4, Vincent Bernhardt &amp; La Chapelle St-Marc\" width=\"500\" height=\"281\" src=\"https:\/\/www.youtube.com\/embed\/A1G31A0qc4c?feature=oembed\" frameborder=\"0\" allow=\"accelerometer; autoplay; clipboard-write; encrypted-media; gyroscope; picture-in-picture; web-share\" referrerpolicy=\"strict-origin-when-cross-origin\" allowfullscreen><\/iframe>\n<\/div><\/figure>\n<\/div>\n<\/div>\n\n\n\n<div class=\"wp-block-columns alignwide are-vertically-aligned-center is-layout-flex wp-container-core-columns-is-layout-28f84493 wp-block-columns-is-layout-flex\">\n<div class=\"wp-block-column is-vertically-aligned-center is-layout-flow wp-block-column-is-layout-flow\">\n<figure class=\"wp-block-embed is-type-video is-provider-youtube wp-block-embed-youtube wp-embed-aspect-16-9 wp-has-aspect-ratio\"><div class=\"wp-block-embed__wrapper\">\n<iframe loading=\"lazy\" title=\"MISTERI GLORIOSI - La Fenice aVenire - Jean Tub\u00e9ry, direction - Regina coeli, laetare ! M. Cazzati\" width=\"500\" height=\"281\" src=\"https:\/\/www.youtube.com\/embed\/D1ND7S3BLwo?feature=oembed\" frameborder=\"0\" allow=\"accelerometer; autoplay; clipboard-write; encrypted-media; gyroscope; picture-in-picture; web-share\" referrerpolicy=\"strict-origin-when-cross-origin\" allowfullscreen><\/iframe>\n<\/div><\/figure>\n<\/div>\n\n\n\n<div class=\"wp-block-column is-vertically-aligned-center is-layout-flow wp-block-column-is-layout-flow\">\n<h2 class=\"wp-block-heading has-background-color has-text-color\">Misteri Gloriosi &#8211; La Fenice<\/h2>\n\n\n\n<p>From the CD\/book Misteri Gloriosi dedicated to the music of the Rosary in baroque Italy with Kristen WITMER, soprano &#8211; Jean Tub\u00e9ry &amp; Sarah Dubus, cornets &#8211; Sue-Ying Koang and Ana\u00eblle Blanc-Verdin, violins &#8211; Jean-Baptiste Valfr\u00e9, cello &#8211; Ulrik-Gaston Larsen, theorbo and archlute &#8211; Mathieu Valfr\u00e9, positive organ and harpsichord<\/p>\n<\/div>\n<\/div>\n\n\n\n<hr class=\"wp-block-separator has-alpha-channel-opacity is-style-wide\"\/>\n\n\n\n<div class=\"wp-block-columns alignwide are-vertically-aligned-center is-layout-flex wp-container-core-columns-is-layout-28f84493 wp-block-columns-is-layout-flex\">\n<div class=\"wp-block-column is-vertically-aligned-center is-layout-flow wp-block-column-is-layout-flow\">\n<h2 class=\"wp-block-heading has-background-color has-text-color\">Mozart : String Quartet &#8220;the Hunt&#8221; KV 458<\/h2>\n\n\n\n<p>From Journ\u00e9es Musicales d&#8217;Automne de Souvigny (Auvergne) 2014 with Amandine Solano, violin &#8211; Lika Laloum, viola &#8211; Louise Audubert, cello.<\/p>\n<\/div>\n\n\n\n<div class=\"wp-block-column is-vertically-aligned-center is-layout-flow wp-block-column-is-layout-flow\">\n<figure class=\"wp-block-embed is-type-video is-provider-youtube wp-block-embed-youtube wp-embed-aspect-16-9 wp-has-aspect-ratio\"><div class=\"wp-block-embed__wrapper\">\n<iframe loading=\"lazy\" title=\"Souvigny - Sinfonie Boh\u00e9mienne - Mozart - Quatuor \u00e0 corde \u00ab La Chasse \u00bb KV 458 \u2013 Allegro Assai\" width=\"500\" height=\"281\" src=\"https:\/\/www.youtube.com\/embed\/2CriZTbfNkI?feature=oembed\" frameborder=\"0\" allow=\"accelerometer; autoplay; clipboard-write; encrypted-media; gyroscope; picture-in-picture; web-share\" referrerpolicy=\"strict-origin-when-cross-origin\" allowfullscreen><\/iframe>\n<\/div><\/figure>\n<\/div>\n<\/div>\n\n\n\n<hr class=\"wp-block-separator has-alpha-channel-opacity is-style-wide\"\/>\n<\/div>\n\n\n\n<div style=\"height:25px\" aria-hidden=\"true\" class=\"wp-block-spacer\"><\/div>\n<\/div>\n\n\n\n<div class=\"wp-block-group has-global-padding is-layout-constrained wp-block-group-is-layout-constrained\">\n<div class=\"wp-block-columns alignwide is-layout-flex wp-container-core-columns-is-layout-28f84493 wp-block-columns-is-layout-flex\">\n<div class=\"wp-block-column is-layout-flow wp-block-column-is-layout-flow\" style=\"flex-basis:100%\"><\/div>\n<\/div>\n<\/div>\n<\/div><\/div>\n\n\n\n<div class=\"wp-block-cover alignwide is-light animation.opacity\" style=\"min-height:100vh;aspect-ratio:unset;\" id=\"images\"><span aria-hidden=\"true\" class=\"wp-block-cover__background has-background-dim-0 has-background-dim\"><\/span><div class=\"wp-block-cover__inner-container is-layout-flow wp-block-cover-is-layout-flow\">\n<div class=\"wp-block-group alignfull has-global-padding is-layout-constrained wp-container-core-group-is-layout-8dc9ca6d wp-block-group-is-layout-constrained\" style=\"padding-top:80px\">\n<div class=\"wp-block-columns alignwide is-layout-flex wp-container-core-columns-is-layout-28f84493 wp-block-columns-is-layout-flex\">\n<div class=\"wp-block-column is-layout-flow wp-block-column-is-layout-flow\">\n<h2 class=\"wp-block-heading has-text-align-center has-primary-color has-text-color has-medium-font-size\" style=\"font-style:normal;font-weight:400\">Gallery<\/h2>\n\n\n\n<h2 class=\"wp-block-heading has-text-align-center has-foreground-color has-text-color has-x-large-font-size\" style=\"font-style:normal;font-weight:600\">Photo gallery<\/h2>\n<\/div>\n<\/div>\n\n\n\n<p class=\"has-text-align-center has-secondary-color has-text-color has-small-font-size\">Photos : <a rel=\"noreferrer noopener\" href=\"http:\/\/www.elenaguinzbourg.com\" target=\"_blank\">Elena Guinzbourg<\/a><\/p>\n\n\n\n<div style=\"height:25px\" aria-hidden=\"true\" class=\"wp-block-spacer\"><\/div>\n\n\n\n<h2 class=\"wp-block-heading has-text-align-center has-foreground-color has-text-color has-link-color has-x-large-font-size wp-elements-01e14ff46a07b36cf19bc11a697ecf01\"><strong>Sue-Ying Koang<\/strong><\/h2>\n<\/div>\n\n\n\n<div class=\"wp-block-columns alignwide are-vertically-aligned-top is-layout-flex wp-container-core-columns-is-layout-28f84493 wp-block-columns-is-layout-flex\">\n<div class=\"wp-block-column is-vertically-aligned-top is-layout-flow wp-block-column-is-layout-flow\">\n<figure class=\"wp-block-gallery has-nested-images columns-1 is-cropped wp-block-gallery-1 is-layout-flex wp-block-gallery-is-layout-flex\">\n<figure class=\"wp-block-image size-large is-style-default animation-bottom\"><img decoding=\"async\" data-id=\"3384\" src=\"https:\/\/sueyingkoang.com\/wp-content\/uploads\/2023\/08\/SL-26-659x1024.jpg\" alt=\"\" class=\"wp-image-3384\"\/><\/figure>\n\n\n\n<figure class=\"wp-block-image size-large animation-bottom\"><img decoding=\"async\" data-id=\"3387\" src=\"https:\/\/sueyingkoang.com\/wp-content\/uploads\/2023\/08\/SL-35-1024x683.jpg\" alt=\"\" class=\"wp-image-3387\"\/><\/figure>\n<\/figure>\n<\/div>\n\n\n\n<div class=\"wp-block-column is-vertically-aligned-top is-layout-flow wp-block-column-is-layout-flow\">\n<figure class=\"wp-block-gallery has-nested-images columns-1 is-cropped wp-block-gallery-2 is-layout-flex wp-block-gallery-is-layout-flex\">\n<figure class=\"wp-block-image size-large animation-bottom\"><img decoding=\"async\" data-id=\"3383\" src=\"https:\/\/sueyingkoang.com\/wp-content\/uploads\/2023\/08\/Beau-Rivage-90-2-1024x768.jpg\" alt=\"\" class=\"wp-image-3383\"\/><\/figure>\n\n\n\n<figure class=\"wp-block-image size-large animation-bottom\"><img decoding=\"async\" data-id=\"3382\" src=\"https:\/\/sueyingkoang.com\/wp-content\/uploads\/2023\/08\/Beau-Rivage-49-2-1-1024x1002.jpg\" alt=\"\" class=\"wp-image-3382\"\/><\/figure>\n<\/figure>\n<\/div>\n\n\n\n<div class=\"wp-block-column is-vertically-aligned-top is-layout-flow wp-block-column-is-layout-flow\">\n<figure class=\"wp-block-gallery has-nested-images columns-1 is-cropped wp-block-gallery-3 is-layout-flex wp-block-gallery-is-layout-flex\">\n<figure class=\"wp-block-image size-large animation-bottom\"><img decoding=\"async\" data-id=\"3421\" src=\"https:\/\/sueyingkoang.com\/wp-content\/uploads\/2023\/09\/Sue-Ying-copyright-Elena-Guinzbourg-6-XS-683x1024.jpg\" alt=\"\" class=\"wp-image-3421\"\/><\/figure>\n\n\n\n<figure class=\"wp-block-image size-large animation-bottom\"><img decoding=\"async\" data-id=\"3418\" src=\"https:\/\/sueyingkoang.com\/wp-content\/uploads\/2023\/09\/Sue-Ying-copyright-Elena-Guinzbourg-3-XS-1024x682.jpg\" alt=\"\" class=\"wp-image-3418\"\/><\/figure>\n<\/figure>\n<\/div>\n<\/div>\n\n\n\n<div class=\"wp-block-group alignfull has-global-padding is-layout-constrained wp-container-core-group-is-layout-8dc9ca6d wp-block-group-is-layout-constrained\" style=\"padding-top:80px\">\n<h2 class=\"wp-block-heading has-text-align-center has-foreground-color has-text-color has-link-color has-x-large-font-size wp-elements-960b3a48015fc4cea3f9d578adb4cd62\"><strong>Duo Sue-Ying Koang &amp; Vincent Bernhardt<\/strong><\/h2>\n\n\n\n<p class=\"has-text-align-center\"><a href=\"https:\/\/www.facebook.com\/sueyingvincent\">Lien vers le Facebook du duo<\/a><\/p>\n<\/div>\n\n\n\n<div class=\"wp-block-columns alignwide are-vertically-aligned-top is-layout-flex wp-container-core-columns-is-layout-28f84493 wp-block-columns-is-layout-flex\">\n<div class=\"wp-block-column is-vertically-aligned-top is-layout-flow wp-block-column-is-layout-flow\">\n<figure class=\"wp-block-gallery has-nested-images columns-1 is-cropped wp-block-gallery-4 is-layout-flex wp-block-gallery-is-layout-flex\">\n<figure class=\"wp-block-image size-large is-style-default animation-bottom\"><img decoding=\"async\" data-id=\"3371\" src=\"https:\/\/sueyingkoang.com\/wp-content\/uploads\/2023\/08\/Beau-Rivage-38-689x1024.jpg\" alt=\"\" class=\"wp-image-3371\"\/><\/figure>\n\n\n\n<figure class=\"wp-block-image size-large animation-bottom\"><img decoding=\"async\" data-id=\"3376\" src=\"https:\/\/sueyingkoang.com\/wp-content\/uploads\/2023\/08\/SY-et-V-44-788x1024.jpg\" alt=\"\" class=\"wp-image-3376\"\/><\/figure>\n<\/figure>\n<\/div>\n\n\n\n<div class=\"wp-block-column is-vertically-aligned-top is-layout-flow wp-block-column-is-layout-flow\">\n<figure class=\"wp-block-gallery has-nested-images columns-1 is-cropped wp-block-gallery-5 is-layout-flex wp-block-gallery-is-layout-flex\">\n<figure class=\"wp-block-image size-large animation-bottom\"><img decoding=\"async\" data-id=\"3372\" src=\"https:\/\/sueyingkoang.com\/wp-content\/uploads\/2023\/08\/Beau-Rivage-77-1024x683.jpg\" alt=\"\" class=\"wp-image-3372\"\/><\/figure>\n\n\n\n<figure class=\"wp-block-image size-large animation-bottom\"><img decoding=\"async\" data-id=\"3374\" src=\"https:\/\/sueyingkoang.com\/wp-content\/uploads\/2023\/08\/Beau-Rivage-37-1-683x1024.jpg\" alt=\"\" class=\"wp-image-3374\"\/><\/figure>\n<\/figure>\n<\/div>\n\n\n\n<div class=\"wp-block-column is-vertically-aligned-top is-layout-flow wp-block-column-is-layout-flow\">\n<figure class=\"wp-block-gallery has-nested-images columns-1 is-cropped wp-block-gallery-6 is-layout-flex wp-block-gallery-is-layout-flex\">\n<figure class=\"wp-block-image size-large animation-bottom\"><img decoding=\"async\" data-id=\"3377\" src=\"https:\/\/sueyingkoang.com\/wp-content\/uploads\/2023\/08\/SY-et-V-40-805x1024.jpg\" alt=\"\" class=\"wp-image-3377\"\/><\/figure>\n\n\n\n<figure class=\"wp-block-image size-large animation-bottom\"><img decoding=\"async\" data-id=\"3378\" src=\"https:\/\/sueyingkoang.com\/wp-content\/uploads\/2023\/08\/Beau-Rivage-24-1024x683.jpg\" alt=\"\" class=\"wp-image-3378\"\/><\/figure>\n<\/figure>\n<\/div>\n<\/div>\n\n\n\n<div class=\"wp-block-buttons is-content-justification-center is-layout-flex wp-container-core-buttons-is-layout-a89b3969 wp-block-buttons-is-layout-flex\">\n<div class=\"wp-block-button\"><a class=\"wp-block-button__link wp-element-button\" href=\"https:\/\/sueyingkoang.com\/wp-content\/uploads\/2023\/09\/HD-photos-Sue-Ying-Koang-Vincent-Bernhardt.zip\">Download HD photos<\/a><\/div>\n<\/div>\n<\/div><\/div>\n","protected":false},"excerpt":{"rendered":"","protected":false},"author":2,"featured_media":2026,"parent":0,"menu_order":0,"comment_status":"closed","ping_status":"closed","template":"wp-custom-template-medias","meta":{"_EventAllDay":false,"_EventTimezone":"","_EventStartDate":"","_EventEndDate":"","_EventStartDateUTC":"","_EventEndDateUTC":"","_EventShowMap":false,"_EventShowMapLink":false,"_EventURL":"","_EventCost":"","_EventCostDescription":"","_EventCurrencySymbol":"","_EventCurrencyCode":"","_EventCurrencyPosition":"","_EventDateTimeSeparator":"","_EventTimeRangeSeparator":"","_EventOrganizerID":[],"_EventVenueID":[],"_OrganizerEmail":"","_OrganizerPhone":"","_OrganizerWebsite":"","_VenueAddress":"","_VenueCity":"","_VenueCountry":"","_VenueProvince":"","_VenueState":"","_VenueZip":"","_VenuePhone":"","_VenueURL":"","_VenueStateProvince":"","_VenueLat":"","_VenueLng":"","_VenueShowMap":false,"_VenueShowMapLink":false,"footnotes":""},"class_list":["post-1363","page","type-page","status-publish","has-post-thumbnail","hentry"],"_links":{"self":[{"href":"https:\/\/sueyingkoang.com\/en\/wp-json\/wp\/v2\/pages\/1363","targetHints":{"allow":["GET"]}}],"collection":[{"href":"https:\/\/sueyingkoang.com\/en\/wp-json\/wp\/v2\/pages"}],"about":[{"href":"https:\/\/sueyingkoang.com\/en\/wp-json\/wp\/v2\/types\/page"}],"author":[{"embeddable":true,"href":"https:\/\/sueyingkoang.com\/en\/wp-json\/wp\/v2\/users\/2"}],"replies":[{"embeddable":true,"href":"https:\/\/sueyingkoang.com\/en\/wp-json\/wp\/v2\/comments?post=1363"}],"version-history":[{"count":2,"href":"https:\/\/sueyingkoang.com\/en\/wp-json\/wp\/v2\/pages\/1363\/revisions"}],"predecessor-version":[{"id":4402,"href":"https:\/\/sueyingkoang.com\/en\/wp-json\/wp\/v2\/pages\/1363\/revisions\/4402"}],"wp:featuredmedia":[{"embeddable":true,"href":"https:\/\/sueyingkoang.com\/en\/wp-json\/wp\/v2\/media\/2026"}],"wp:attachment":[{"href":"https:\/\/sueyingkoang.com\/en\/wp-json\/wp\/v2\/media?parent=1363"}],"curies":[{"name":"wp","href":"https:\/\/api.w.org\/{rel}","templated":true}]}}